{"id":874,"date":"2025-12-26T08:21:22","date_gmt":"2025-12-26T08:21:22","guid":{"rendered":"https:\/\/roberto.nytelweb.net\/?post_type=product&#038;p=874"},"modified":"2025-12-29T12:30:28","modified_gmt":"2025-12-29T12:30:28","slug":"agente-ia-cualificacion-chat","status":"publish","type":"product","link":"https:\/\/roberto.nytelweb.net\/index.php\/producto\/agente-ia-cualificacion-chat\/","title":{"rendered":"Agente IA cualificaci\u00f3n chat"},"content":{"rendered":"<p>Optimiza tu embudo de ventas eliminando las tareas manuales de filtrado. Este agente de IA <b data-path-to-node=\"4,1,0\" data-index-in-node=\"104\">entrevista a tus prospectos<\/b> en tiempo real a trav\u00e9s de WhatsApp o Web, valida su presupuesto y perfil de cliente ideal, y solo te entrega los <b data-path-to-node=\"4,1,0\" data-index-in-node=\"246\">leads cualificados<\/b> que est\u00e1n realmente listos para comprar, ahorr\u00e1ndote horas de prospecci\u00f3n in\u00fatil.<\/p>\n","protected":false},"excerpt":{"rendered":"<p>Optimiza tu embudo de ventas eliminando las tareas manuales de filtrado. Este agente de IA entrevista a tus prospectos en tiempo real a trav\u00e9s de WhatsApp o Web, valida su presupuesto y perfil de cliente ideal, y solo te entrega los leads cualificados que est\u00e1n realmente listos para comprar, ahorr\u00e1ndote horas de prospecci\u00f3n in\u00fatil.<\/p>\n","protected":false},"featured_media":0,"comment_status":"open","ping_status":"closed","template":"","meta":{"_acf_changed":false},"product_brand":[],"product_cat":[20],"product_tag":[],"class_list":{"0":"post-874","1":"product","2":"type-product","3":"status-publish","5":"product_cat-sin-categorizar","7":"first","8":"instock","9":"shipping-taxable","10":"purchasable","11":"product-type-simple"},"acf":[],"yoast_head":"<!-- This site is optimized with the Yoast SEO plugin v26.6 - https:\/\/yoast.com\/wordpress\/plugins\/seo\/ -->\n<title>Agente IA cualificaci\u00f3n chat - Pruebas Roberto<\/title>\n<meta name=\"robots\" content=\"noindex, follow, max-snippet:-1, max-image-preview:large, max-video-preview:-1\" \/>\n<meta property=\"og:locale\" content=\"es_ES\" \/>\n<meta property=\"og:type\" content=\"article\" \/>\n<meta property=\"og:title\" content=\"Agente IA cualificaci\u00f3n chat - Pruebas Roberto\" \/>\n<meta property=\"og:description\" content=\"Optimiza tu embudo de ventas eliminando las tareas manuales de filtrado. Este agente de IA entrevista a tus prospectos en tiempo real a trav\u00e9s de WhatsApp o Web, valida su presupuesto y perfil de cliente ideal, y solo te entrega los leads cualificados que est\u00e1n realmente listos para comprar, ahorr\u00e1ndote horas de prospecci\u00f3n in\u00fatil.\" \/>\n<meta property=\"og:url\" content=\"https:\/\/roberto.nytelweb.net\/index.php\/producto\/agente-ia-cualificacion-chat\/\" \/>\n<meta property=\"og:site_name\" content=\"Pruebas Roberto\" \/>\n<meta property=\"article:modified_time\" content=\"2025-12-29T12:30:28+00:00\" \/>\n<meta name=\"twitter:card\" content=\"summary_large_image\" \/>\n<meta name=\"twitter:label1\" content=\"Tiempo de lectura\" \/>\n\t<meta name=\"twitter:data1\" content=\"1 minuto\" \/>\n<script type=\"application\/ld+json\" class=\"yoast-schema-graph\">{\"@context\":\"https:\/\/schema.org\",\"@graph\":[{\"@type\":\"WebPage\",\"@id\":\"https:\/\/roberto.nytelweb.net\/index.php\/producto\/agente-ia-cualificacion-chat\/\",\"url\":\"https:\/\/roberto.nytelweb.net\/index.php\/producto\/agente-ia-cualificacion-chat\/\",\"name\":\"Agente IA cualificaci\u00f3n chat - Pruebas Roberto\",\"isPartOf\":{\"@id\":\"https:\/\/roberto.nytelweb.net\/#website\"},\"datePublished\":\"2025-12-26T08:21:22+00:00\",\"dateModified\":\"2025-12-29T12:30:28+00:00\",\"breadcrumb\":{\"@id\":\"https:\/\/roberto.nytelweb.net\/index.php\/producto\/agente-ia-cualificacion-chat\/#breadcrumb\"},\"inLanguage\":\"es\",\"potentialAction\":[{\"@type\":\"ReadAction\",\"target\":[\"https:\/\/roberto.nytelweb.net\/index.php\/producto\/agente-ia-cualificacion-chat\/\"]}]},{\"@type\":\"BreadcrumbList\",\"@id\":\"https:\/\/roberto.nytelweb.net\/index.php\/producto\/agente-ia-cualificacion-chat\/#breadcrumb\",\"itemListElement\":[{\"@type\":\"ListItem\",\"position\":1,\"name\":\"Portada\",\"item\":\"https:\/\/roberto.nytelweb.net\/\"},{\"@type\":\"ListItem\",\"position\":2,\"name\":\"Tienda\",\"item\":\"https:\/\/roberto.nytelweb.net\/index.php\/tienda\/\"},{\"@type\":\"ListItem\",\"position\":3,\"name\":\"Agente IA cualificaci\u00f3n chat\"}]},{\"@type\":\"WebSite\",\"@id\":\"https:\/\/roberto.nytelweb.net\/#website\",\"url\":\"https:\/\/roberto.nytelweb.net\/\",\"name\":\"Pruebas Roberto\",\"description\":\"\",\"publisher\":{\"@id\":\"https:\/\/roberto.nytelweb.net\/#organization\"},\"potentialAction\":[{\"@type\":\"SearchAction\",\"target\":{\"@type\":\"EntryPoint\",\"urlTemplate\":\"https:\/\/roberto.nytelweb.net\/?s={search_term_string}\"},\"query-input\":{\"@type\":\"PropertyValueSpecification\",\"valueRequired\":true,\"valueName\":\"search_term_string\"}}],\"inLanguage\":\"es\"},{\"@type\":\"Organization\",\"@id\":\"https:\/\/roberto.nytelweb.net\/#organization\",\"name\":\"Pruebas Roberto\",\"url\":\"https:\/\/roberto.nytelweb.net\/\",\"logo\":{\"@type\":\"ImageObject\",\"inLanguage\":\"es\",\"@id\":\"https:\/\/roberto.nytelweb.net\/#\/schema\/logo\/image\/\",\"url\":\"https:\/\/roberto.nytelweb.net\/wp-content\/uploads\/2025\/10\/Cecil.IA-4.webp\",\"contentUrl\":\"https:\/\/roberto.nytelweb.net\/wp-content\/uploads\/2025\/10\/Cecil.IA-4.webp\",\"width\":500,\"height\":300,\"caption\":\"Pruebas Roberto\"},\"image\":{\"@id\":\"https:\/\/roberto.nytelweb.net\/#\/schema\/logo\/image\/\"}}]}<\/script>\n<!-- \/ Yoast SEO plugin. -->","yoast_head_json":{"title":"Agente IA cualificaci\u00f3n chat - Pruebas Roberto","robots":{"index":"noindex","follow":"follow","max-snippet":"max-snippet:-1","max-image-preview":"max-image-preview:large","max-video-preview":"max-video-preview:-1"},"og_locale":"es_ES","og_type":"article","og_title":"Agente IA cualificaci\u00f3n chat - Pruebas Roberto","og_description":"Optimiza tu embudo de ventas eliminando las tareas manuales de filtrado. Este agente de IA entrevista a tus prospectos en tiempo real a trav\u00e9s de WhatsApp o Web, valida su presupuesto y perfil de cliente ideal, y solo te entrega los leads cualificados que est\u00e1n realmente listos para comprar, ahorr\u00e1ndote horas de prospecci\u00f3n in\u00fatil.","og_url":"https:\/\/roberto.nytelweb.net\/index.php\/producto\/agente-ia-cualificacion-chat\/","og_site_name":"Pruebas Roberto","article_modified_time":"2025-12-29T12:30:28+00:00","twitter_card":"summary_large_image","twitter_misc":{"Tiempo de lectura":"1 minuto"},"schema":{"@context":"https:\/\/schema.org","@graph":[{"@type":"WebPage","@id":"https:\/\/roberto.nytelweb.net\/index.php\/producto\/agente-ia-cualificacion-chat\/","url":"https:\/\/roberto.nytelweb.net\/index.php\/producto\/agente-ia-cualificacion-chat\/","name":"Agente IA cualificaci\u00f3n chat - Pruebas Roberto","isPartOf":{"@id":"https:\/\/roberto.nytelweb.net\/#website"},"datePublished":"2025-12-26T08:21:22+00:00","dateModified":"2025-12-29T12:30:28+00:00","breadcrumb":{"@id":"https:\/\/roberto.nytelweb.net\/index.php\/producto\/agente-ia-cualificacion-chat\/#breadcrumb"},"inLanguage":"es","potentialAction":[{"@type":"ReadAction","target":["https:\/\/roberto.nytelweb.net\/index.php\/producto\/agente-ia-cualificacion-chat\/"]}]},{"@type":"BreadcrumbList","@id":"https:\/\/roberto.nytelweb.net\/index.php\/producto\/agente-ia-cualificacion-chat\/#breadcrumb","itemListElement":[{"@type":"ListItem","position":1,"name":"Portada","item":"https:\/\/roberto.nytelweb.net\/"},{"@type":"ListItem","position":2,"name":"Tienda","item":"https:\/\/roberto.nytelweb.net\/index.php\/tienda\/"},{"@type":"ListItem","position":3,"name":"Agente IA cualificaci\u00f3n chat"}]},{"@type":"WebSite","@id":"https:\/\/roberto.nytelweb.net\/#website","url":"https:\/\/roberto.nytelweb.net\/","name":"Pruebas Roberto","description":"","publisher":{"@id":"https:\/\/roberto.nytelweb.net\/#organization"},"potentialAction":[{"@type":"SearchAction","target":{"@type":"EntryPoint","urlTemplate":"https:\/\/roberto.nytelweb.net\/?s={search_term_string}"},"query-input":{"@type":"PropertyValueSpecification","valueRequired":true,"valueName":"search_term_string"}}],"inLanguage":"es"},{"@type":"Organization","@id":"https:\/\/roberto.nytelweb.net\/#organization","name":"Pruebas Roberto","url":"https:\/\/roberto.nytelweb.net\/","logo":{"@type":"ImageObject","inLanguage":"es","@id":"https:\/\/roberto.nytelweb.net\/#\/schema\/logo\/image\/","url":"https:\/\/roberto.nytelweb.net\/wp-content\/uploads\/2025\/10\/Cecil.IA-4.webp","contentUrl":"https:\/\/roberto.nytelweb.net\/wp-content\/uploads\/2025\/10\/Cecil.IA-4.webp","width":500,"height":300,"caption":"Pruebas Roberto"},"image":{"@id":"https:\/\/roberto.nytelweb.net\/#\/schema\/logo\/image\/"}}]}},"_links":{"self":[{"href":"https:\/\/roberto.nytelweb.net\/index.php\/wp-json\/wp\/v2\/product\/874","targetHints":{"allow":["GET"]}}],"collection":[{"href":"https:\/\/roberto.nytelweb.net\/index.php\/wp-json\/wp\/v2\/product"}],"about":[{"href":"https:\/\/roberto.nytelweb.net\/index.php\/wp-json\/wp\/v2\/types\/product"}],"replies":[{"embeddable":true,"href":"https:\/\/roberto.nytelweb.net\/index.php\/wp-json\/wp\/v2\/comments?post=874"}],"wp:attachment":[{"href":"https:\/\/roberto.nytelweb.net\/index.php\/wp-json\/wp\/v2\/media?parent=874"}],"wp:term":[{"taxonomy":"product_brand","embeddable":true,"href":"https:\/\/roberto.nytelweb.net\/index.php\/wp-json\/wp\/v2\/product_brand?post=874"},{"taxonomy":"product_cat","embeddable":true,"href":"https:\/\/roberto.nytelweb.net\/index.php\/wp-json\/wp\/v2\/product_cat?post=874"},{"taxonomy":"product_tag","embeddable":true,"href":"https:\/\/roberto.nytelweb.net\/index.php\/wp-json\/wp\/v2\/product_tag?post=874"}],"curies":[{"name":"wp","href":"https:\/\/api.w.org\/{rel}","templated":true}]}}